{"id":124,"date":"2021-07-07T15:35:28","date_gmt":"2021-07-07T18:35:28","guid":{"rendered":"https:\/\/foro-vinc.ricyt.org\/?page_id=124"},"modified":"2021-09-03T11:33:31","modified_gmt":"2021-09-03T14:33:31","slug":"instituciones-aliadas","status":"publish","type":"page","link":"https:\/\/foro-vinc.ricyt.org\/?page_id=124","title":{"rendered":"Objetivos del foro"},"content":{"rendered":"\n<p>Sobre la base de la demanda existente de metodolog\u00edas para la medici\u00f3n de la vinculaci\u00f3n en un marco de comparabilidad a escala institucional e internacional, la necesidad de acelerar los procesos de su medici\u00f3n, y la existencia de diversos emprendimientos paralelos en curso, los objetivos espec\u00edficos del foro incluyen el <strong>dise\u00f1o de una agenda<\/strong> conjunta marcada por las problem\u00e1ticas y desaf\u00edos regionales para la medici\u00f3n de la vinculaci\u00f3n, as\u00ed como la <strong>generaci\u00f3n de acuerdos y consensos <\/strong>para el desarrollo y <strong>adopci\u00f3n de estrategias b\u00e1sicas de medici\u00f3n<\/strong> en la regi\u00f3n.<\/p>\n\n\n\n<p>El foro busca <strong>abrir un espacio espec\u00edfico de la vinculaci\u00f3n universitaria en Iberoam\u00e9rica<\/strong> donde sea posible discutir de manera colectiva y horizontal saberes, experiencias de gesti\u00f3n, instrumentos de monitoreo y ejercicios en el dise\u00f1o de pol\u00edticas de vinculaci\u00f3n, que habilite estabilizar conjuntos de indicadores m\u00ednimos y viables de medici\u00f3n, promover buenas pr\u00e1cticas y generar herramientas para la gesti\u00f3n de la vinculaci\u00f3n.<\/p>\n\n\n\n<figure class=\"wp-block-image size-large\"><img decoding=\"async\" loading=\"lazy\" width=\"1024\" height=\"681\" src=\"https:\/\/foro-vinc.ricyt.org\/wp-content\/uploads\/2021\/07\/earth-1149733_1920-1024x681.jpg\" alt=\"\" class=\"wp-image-83\" srcset=\"https:\/\/foro-vinc.ricyt.org\/wp-content\/uploads\/2021\/07\/earth-1149733_1920-1024x681.jpg 1024w, https:\/\/foro-vinc.ricyt.org\/wp-content\/uploads\/2021\/07\/earth-1149733_1920-300x200.jpg 300w, https:\/\/foro-vinc.ricyt.org\/wp-content\/uploads\/2021\/07\/earth-1149733_1920-768x511.jpg 768w, https:\/\/foro-vinc.ricyt.org\/wp-content\/uploads\/2021\/07\/earth-1149733_1920-1536x1022.jpg 1536w, https:\/\/foro-vinc.ricyt.org\/wp-content\/uploads\/2021\/07\/earth-1149733_1920.jpg 1920w\" sizes=\"(max-width: 1024px) 100vw, 1024px\" \/><\/figure>\n","protected":false},"excerpt":{"rendered":"<p>Sobre la base de la demanda existente de metodolog\u00edas para la medici\u00f3n de la vinculaci\u00f3n en un marco de comparabilidad a escala institucional e internacional, la necesidad de acelerar los procesos de su medici\u00f3n, y la existencia de diversos emprendimientos paralelos en curso, los objetivos espec\u00edficos del foro incluyen el<a class=\"read-more\" href=\"https:\/\/foro-vinc.ricyt.org\/?page_id=124\"> ( more&#8230; )<\/a><\/p>\n","protected":false},"author":1,"featured_media":0,"parent":0,"menu_order":0,"comment_status":"closed","ping_status":"closed","template":"","meta":{"footnotes":""},"_links":{"self":[{"href":"https:\/\/foro-vinc.ricyt.org\/index.php?rest_route=\/wp\/v2\/pages\/124"}],"collection":[{"href":"https:\/\/foro-vinc.ricyt.org\/index.php?rest_route=\/wp\/v2\/pages"}],"about":[{"href":"https:\/\/foro-vinc.ricyt.org\/index.php?rest_route=\/wp\/v2\/types\/page"}],"author":[{"embeddable":true,"href":"https:\/\/foro-vinc.ricyt.org\/index.php?rest_route=\/wp\/v2\/users\/1"}],"replies":[{"embeddable":true,"href":"https:\/\/foro-vinc.ricyt.org\/index.php?rest_route=%2Fwp%2Fv2%2Fcomments&post=124"}],"version-history":[{"count":8,"href":"https:\/\/foro-vinc.ricyt.org\/index.php?rest_route=\/wp\/v2\/pages\/124\/revisions"}],"predecessor-version":[{"id":358,"href":"https:\/\/foro-vinc.ricyt.org\/index.php?rest_route=\/wp\/v2\/pages\/124\/revisions\/358"}],"wp:attachment":[{"href":"https:\/\/foro-vinc.ricyt.org\/index.php?rest_route=%2Fwp%2Fv2%2Fmedia&parent=124"}],"curies":[{"name":"wp","href":"https:\/\/api.w.org\/{rel}","templated":true}]}}