{"id":361,"date":"2021-09-03T11:39:17","date_gmt":"2021-09-03T14:39:17","guid":{"rendered":"https:\/\/foro-vinc.ricyt.org\/?page_id=361"},"modified":"2021-09-03T11:44:28","modified_gmt":"2021-09-03T14:44:28","slug":"estrategias-para-fortalecer-la-vinculacion","status":"publish","type":"page","link":"https:\/\/foro-vinc.ricyt.org\/?page_id=361","title":{"rendered":"Estrategias para fortalecer la vinculaci\u00f3n"},"content":{"rendered":"\n<p>Las pol\u00edticas de vinculaci\u00f3n y transferencia tecnol\u00f3gica se encuentran en una agenda pol\u00edtica de primer orden. Esto ha estimulado a las universidades y organizaciones cient\u00edficas y tecnol\u00f3gicas de la regi\u00f3n a desarrollar diversas estrategias para adecuar su normativa y sus pr\u00e1cticas a los nuevos desaf\u00edos y oportunidades que surgen de los v\u00ednculos con sus entornos y de la creciente demanda de servicios basados en el conocimiento cient\u00edfico y tecnol\u00f3gico.<\/p>\n\n\n\n<p>Para la gesti\u00f3n de estas actividades es necesario elaborar indicadores que permitan el aprendizaje rec\u00edproco y la evaluaci\u00f3n de los resultados que se alcancen. Medir estos procesos es un paso necesario para evaluar la conformaci\u00f3n de los sistemas de innovaci\u00f3n y aproximarse al impacto social de la ciencia y la tecnolog\u00eda.<\/p>\n\n\n\n<p>La relevancia de estos nuevos escenarios hace oportuno orientar los esfuerzos hacia la identificaci\u00f3n y el an\u00e1lisis de los fen\u00f3menos de vinculaci\u00f3n. En el mismo sentido, normalizar su medici\u00f3n a fin de facilitar la comparaci\u00f3n interinstitucional e internacional que haga posible el aprendizaje rec\u00edproco y la evaluaci\u00f3n de resultados.<\/p>\n\n\n\n<p>Existen importantes desaf\u00edos todav\u00eda pendientes para alcanzar un conjunto suficientemente validado y reconocido de indicadores comparables entre las instituciones de la regi\u00f3n: sus dimensiones, las caracter\u00edsticas y demandas de su entorno, los recursos con los que cuentan y la propia tradici\u00f3n institucional. Estas cuestiones hacen que la posibilidad de comparaci\u00f3n se torne de gran complejidad.<\/p>\n\n\n\n<p>En esta direcci\u00f3n se cuenta con el\u00a0<a href=\"http:\/\/www.ricyt.org\/wp-content\/uploads\/2017\/06\/files_manual_vinculacion.pdf\"><em><strong>Manual Iberoamericano de Indicadores de Vinculaci\u00f3n de la Universidad con el Entorno Socioecon\u00f3mico<\/strong><\/em><\/a>, o Manual de Valencia (OCTS y RICYT, 2017) como una contribuci\u00f3n a los esfuerzos regionales de medici\u00f3n y gesti\u00f3n de la vinculaci\u00f3n en Iberoam\u00e9rica.<\/p>\n\n\n\n<figure class=\"wp-block-image size-large is-resized\"><img decoding=\"async\" loading=\"lazy\" src=\"https:\/\/foro-vinc.ricyt.org\/wp-content\/uploads\/2021\/07\/network-1246209_1920-1024x683.jpg\" alt=\"\" class=\"wp-image-85\" width=\"841\" height=\"560\" srcset=\"https:\/\/foro-vinc.ricyt.org\/wp-content\/uploads\/2021\/07\/network-1246209_1920-1024x683.jpg 1024w, https:\/\/foro-vinc.ricyt.org\/wp-content\/uploads\/2021\/07\/network-1246209_1920-300x200.jpg 300w, https:\/\/foro-vinc.ricyt.org\/wp-content\/uploads\/2021\/07\/network-1246209_1920-768x512.jpg 768w, https:\/\/foro-vinc.ricyt.org\/wp-content\/uploads\/2021\/07\/network-1246209_1920-1536x1024.jpg 1536w, https:\/\/foro-vinc.ricyt.org\/wp-content\/uploads\/2021\/07\/network-1246209_1920.jpg 1920w\" sizes=\"(max-width: 841px) 100vw, 841px\" \/><\/figure>\n","protected":false},"excerpt":{"rendered":"<p>Las pol\u00edticas de vinculaci\u00f3n y transferencia tecnol\u00f3gica se encuentran en una agenda pol\u00edtica de primer orden. Esto ha estimulado a las universidades y organizaciones cient\u00edficas y tecnol\u00f3gicas de la regi\u00f3n a desarrollar diversas estrategias para adecuar su normativa y sus pr\u00e1cticas a los nuevos desaf\u00edos y oportunidades que surgen de<a class=\"read-more\" href=\"https:\/\/foro-vinc.ricyt.org\/?page_id=361\"> ( more&#8230; )<\/a><\/p>\n","protected":false},"author":1,"featured_media":0,"parent":0,"menu_order":0,"comment_status":"closed","ping_status":"closed","template":"","meta":{"footnotes":""},"_links":{"self":[{"href":"https:\/\/foro-vinc.ricyt.org\/index.php?rest_route=\/wp\/v2\/pages\/361"}],"collection":[{"href":"https:\/\/foro-vinc.ricyt.org\/index.php?rest_route=\/wp\/v2\/pages"}],"about":[{"href":"https:\/\/foro-vinc.ricyt.org\/index.php?rest_route=\/wp\/v2\/types\/page"}],"author":[{"embeddable":true,"href":"https:\/\/foro-vinc.ricyt.org\/index.php?rest_route=\/wp\/v2\/users\/1"}],"replies":[{"embeddable":true,"href":"https:\/\/foro-vinc.ricyt.org\/index.php?rest_route=%2Fwp%2Fv2%2Fcomments&post=361"}],"version-history":[{"count":3,"href":"https:\/\/foro-vinc.ricyt.org\/index.php?rest_route=\/wp\/v2\/pages\/361\/revisions"}],"predecessor-version":[{"id":369,"href":"https:\/\/foro-vinc.ricyt.org\/index.php?rest_route=\/wp\/v2\/pages\/361\/revisions\/369"}],"wp:attachment":[{"href":"https:\/\/foro-vinc.ricyt.org\/index.php?rest_route=%2Fwp%2Fv2%2Fmedia&parent=361"}],"curies":[{"name":"wp","href":"https:\/\/api.w.org\/{rel}","templated":true}]}}