{"id":39,"date":"2021-07-06T17:53:21","date_gmt":"2021-07-06T17:53:21","guid":{"rendered":"https:\/\/foro-vinc.ricyt.org\/?page_id=39"},"modified":"2021-09-03T11:41:54","modified_gmt":"2021-09-03T14:41:54","slug":"institucional","status":"publish","type":"page","link":"https:\/\/foro-vinc.ricyt.org\/?page_id=39","title":{"rendered":"Institucional"},"content":{"rendered":"\n<figure class=\"wp-block-image size-full\"><img decoding=\"async\" loading=\"lazy\" width=\"940\" height=\"198\" src=\"https:\/\/foro-vinc.ricyt.org\/wp-content\/uploads\/2021\/07\/cropped-cropped-industry-3087393_960_720-2.jpeg\" alt=\"\" class=\"wp-image-73\" srcset=\"https:\/\/foro-vinc.ricyt.org\/wp-content\/uploads\/2021\/07\/cropped-cropped-industry-3087393_960_720-2.jpeg 940w, https:\/\/foro-vinc.ricyt.org\/wp-content\/uploads\/2021\/07\/cropped-cropped-industry-3087393_960_720-2-300x63.jpeg 300w, https:\/\/foro-vinc.ricyt.org\/wp-content\/uploads\/2021\/07\/cropped-cropped-industry-3087393_960_720-2-768x162.jpeg 768w\" sizes=\"(max-width: 940px) 100vw, 940px\" \/><\/figure>\n\n\n\n<h2 class=\"wp-block-heading\">\u00bfQu\u00e9 es el Foro?<\/h2>\n\n\n\n<p>El&nbsp;<strong>Foro Iberoamericano de Indicadores de Vinculaci\u00f3n Universitaria y de Instituciones P\u00fablicas de I+D con el Entorno<\/strong>&nbsp;es un \u00e1mbito interdisciplinario para la discusi\u00f3n conjunta y colaborativa de las modalidades y estrategias de medici\u00f3n de la vinculaci\u00f3n universitaria con la sociedad en la regi\u00f3n.<\/p>\n\n\n\n<p>Aspira a generar v\u00ednculos entre los actores del proceso de creaci\u00f3n y uso de conocimientos, contribuyendo as\u00ed al desarrollo de redes y sistemas de innovaci\u00f3n en los pa\u00edses de Iberoam\u00e9rica.<\/p>\n\n\n\n<p>El objetivo del Foro es estimular la circulaci\u00f3n y utilizaci\u00f3n del conocimiento cient\u00edfico y tecnol\u00f3gico producido en las instituciones cient\u00edficas y universitarias iberoamericanas.<\/p>\n\n\n\n<p>A fin de gestionar los v\u00ednculos, es necesario disponer de herramientas adecuadas para caracterizar y medir las actividades de vinculaci\u00f3n. El espacio del Foro permite y estimula que ello ocurra.<\/p>\n\n\n\n<p>Se trata de dar respuesta a la demanda de metodolog\u00edas para la medici\u00f3n de la vinculaci\u00f3n en un marco de comparabilidad a escala institucional, nacional e internacional, aplicando la experiencia acumulada en el Manual de Valencia. Nuestro prop\u00f3sito es lograr el dise\u00f1o de una agenda que contemple las problem\u00e1ticas y desaf\u00edos regionales para la medici\u00f3n de la vinculaci\u00f3n. Tambi\u00e9n la generaci\u00f3n de acuerdos y consensos para el desarrollo y adopci\u00f3n de estrategias regionales adecuadas.<\/p>\n\n\n\n<p>De tal modo, se busca abrir un espacio espec\u00edfico para la vinculaci\u00f3n en Iberoam\u00e9rica, en el que sea posible discutir de manera colectiva y horizontal conocimientos, experiencias de gesti\u00f3n, instrumentos de monitoreo y ejercicios en<br>el dise\u00f1o de pol\u00edticas de vinculaci\u00f3n.<\/p>\n\n\n\n<p>Se aspira a establecer por consenso un conjunto m\u00ednimo de indicadores viables, promover buenas pr\u00e1cticas y generar herramientas para la gesti\u00f3n de la vinculaci\u00f3n.<\/p>\n\n\n\n<hr class=\"wp-block-separator\"\/>\n\n\n\n<h2 class=\"wp-block-heading\">\u00bfQui\u00e9nes participan en el Foro?<\/h2>\n\n\n\n<p>Investigadores, autoridades universitarias, gestores de la vinculaci\u00f3n, empresarios y otros actores sociales, en vistas a impulsar la creaci\u00f3n de un \u201cecosistema\u201d de actores involucrados en el tema desde una perspectiva amplia. Aspiramos a que participen actores con diversidad de intereses y enfoques conceptuales, facilitando el reconocimiento, medici\u00f3n y promoci\u00f3n de las actividades de vinculaci\u00f3n y transferencia tecnol\u00f3gica.<\/p>\n\n\n\n<hr class=\"wp-block-separator\"\/>\n\n\n\n<h2 class=\"wp-block-heading\">\u00bfC\u00f3mo funciona el Foro?<\/h2>\n\n\n\n<p>Se trata de una plataforma de interacci\u00f3n permanente, en la que se discutir\u00e1n ideas, se intercambiar\u00e1n experiencias y se presentar\u00e1n documentos que consoliden las interacciones desarrolladas en el Foro.<\/p>\n\n\n\n<p>Adem\u00e1s, se organizar\u00e1n encuentros -presenciales o virtuales- a lo largo del a\u00f1o, de modo de estructurar los avances y renovar los acuerdos a medida que el Manual se perfeccione sobre la base de su utilizaci\u00f3n por parte de nuevos actores.<\/p>\n\n\n\n<p>El Foro contar\u00e1 con un Consejo Asesor integrado por expertos y actores que servir\u00e1 de referente y dar\u00e1 continuidad a las discusiones; contar\u00e1 tambi\u00e9n con una coordinaci\u00f3n permanente, posici\u00f3n desde la cual ser\u00e1 propuesta la metodolog\u00eda de trabajo y la planificaci\u00f3n de las actividades. En cuanto a la membres\u00eda, podr\u00e1n ser miembros del Foro todos aquellos profesionales y gestores interesados en la medici\u00f3n de la vinculaci\u00f3n universitaria.<\/p>\n","protected":false},"excerpt":{"rendered":"<p>\u00bfQu\u00e9 es el Foro? El&nbsp;Foro Iberoamericano de Indicadores de Vinculaci\u00f3n Universitaria y de Instituciones P\u00fablicas de I+D con el Entorno&nbsp;es un \u00e1mbito interdisciplinario para la discusi\u00f3n conjunta y colaborativa de las modalidades y estrategias de medici\u00f3n de la vinculaci\u00f3n universitaria con la sociedad en la regi\u00f3n. Aspira a generar v\u00ednculos<a class=\"read-more\" href=\"https:\/\/foro-vinc.ricyt.org\/?page_id=39\"> ( more&#8230; )<\/a><\/p>\n","protected":false},"author":1,"featured_media":0,"parent":0,"menu_order":0,"comment_status":"closed","ping_status":"closed","template":"","meta":{"footnotes":""},"_links":{"self":[{"href":"https:\/\/foro-vinc.ricyt.org\/index.php?rest_route=\/wp\/v2\/pages\/39"}],"collection":[{"href":"https:\/\/foro-vinc.ricyt.org\/index.php?rest_route=\/wp\/v2\/pages"}],"about":[{"href":"https:\/\/foro-vinc.ricyt.org\/index.php?rest_route=\/wp\/v2\/types\/page"}],"author":[{"embeddable":true,"href":"https:\/\/foro-vinc.ricyt.org\/index.php?rest_route=\/wp\/v2\/users\/1"}],"replies":[{"embeddable":true,"href":"https:\/\/foro-vinc.ricyt.org\/index.php?rest_route=%2Fwp%2Fv2%2Fcomments&post=39"}],"version-history":[{"count":28,"href":"https:\/\/foro-vinc.ricyt.org\/index.php?rest_route=\/wp\/v2\/pages\/39\/revisions"}],"predecessor-version":[{"id":365,"href":"https:\/\/foro-vinc.ricyt.org\/index.php?rest_route=\/wp\/v2\/pages\/39\/revisions\/365"}],"wp:attachment":[{"href":"https:\/\/foro-vinc.ricyt.org\/index.php?rest_route=%2Fwp%2Fv2%2Fmedia&parent=39"}],"curies":[{"name":"wp","href":"https:\/\/api.w.org\/{rel}","templated":true}]}}