{"id":42,"date":"2021-07-06T17:53:21","date_gmt":"2021-07-06T20:53:21","guid":{"rendered":"https:\/\/foro-vinc.ricyt.org\/?page_id=42"},"modified":"2021-09-09T18:28:12","modified_gmt":"2021-09-09T21:28:12","slug":"bibilioteca","status":"publish","type":"page","link":"https:\/\/foro-vinc.ricyt.org\/?page_id=42","title":{"rendered":"Biblioteca"},"content":{"rendered":"<section class='__wpdm_gb_section __wpdm_gb_packages'><div class='w3eden'>\n    <div class=''>\n\n        <form method=\"get\" class=\"__wpdm_submit_async\" data-container=\"#content_wpdm_package_1\" id=\"sc_form_wpdm_package_1\" style=\"margin-bottom: 15px\">\n    \n            <div class=\"card panel panel-default wpdm-shortcode-toolbar\">\n                <div class=\"card-body panel-body\">\n                    <div class=\"row\">\n                        <div class=\"col-lg-6 col-md-12\">\n                            <input type=\"search\" name=\"skw\" value=\"\" placeholder=\"Buscar palabra clave\u2026\" class=\"form-control\" \/>\n                        <\/div>\n                        <div class=\"col-lg-2 col-md-4\">\n                            <select name=\"orderby\" class=\"wpdm-custom-select custom-select\">\n                                <option value=\"date\" disabled=\"disabled\">Ordenar por:<\/option>\n                                <option value=\"date\" >Fecha de publicaci\u00f3n<\/option>\n                                <option value=\"title\" >T\u00edtulo<\/option>\n                                <option value=\"update_date\" >Fecha de actualizaci\u00f3n<\/option>\n                                <option value=\"downloads\" >Descargas<\/option>\n                                <option value=\"views\" >Visitas<\/option>\n                            <\/select>\n                        <\/div>\n                        <div class=\"col-lg-2 col-md-4\">\n                            <select name=\"order\" class=\"wpdm-custom-select custom-select\">\n                                <option value=\"desc\" disabled=\"disabled\">Orden:<\/option>\n                                <option value=\"desc\" >Descendente<\/option>\n                                <option value=\"asc\" >Ascendente<\/option>\n                            <\/select>\n                        <\/div>\n                        <div class=\"col-lg-2 col-md-4\">\n                            <button type=\"submit\" class=\"btn btn-secondary btn-block\">Aplicar el filtro<\/button>\n                        <\/div>\n                    <\/div>\n                <\/div>\n            <\/div>\n\n            <\/form>\n<div class=\"spacer mb-3 d-block clearfix\"><\/div>\n\n        <div id=\"content_wpdm_package_1\">\n            <div class='row'><div class='col-lg-12 col-md-12 col-12'><!-- WPDM Link Template: Panel -->\n\n<div class=\"card\">\n    <div class=\"card-body\">\n        <div class=\"media\">\n            <a class=\"mr-3 img-48\" href=\"https:\/\/foro-vinc.ricyt.org\/?wpdmpro=estrategia-y-gestion-de-la-vinculacion-y-transferencia-tecnologica-en-universidades-argentinas-desafios-para-la-region\">\n                \n            <\/a>\n            <div class=\"media-body\">\n                <h3 class=\"media-heading p-0 m-0\"><a href='https:\/\/foro-vinc.ricyt.org\/?wpdmpro=estrategia-y-gestion-de-la-vinculacion-y-transferencia-tecnologica-en-universidades-argentinas-desafios-para-la-region'>&#8216;Estrategia y Gesti\u00f3n de la Vinculaci\u00f3n y Transferencia Tecnol\u00f3gica en Universidades Argentinas. Desaf\u00edos para la Regi\u00f3n&#8217; (2021)<\/a><\/h3>\n                <div class=\"meta text-white-50 text-small mt-1\"><i class=\"fas fa-hdd text-white-50\"><\/i> 0.32 KB <i class=\"ml-2 far fa-arrow-alt-circle-down text-white-50\"><\/i> 48 Descargas<\/div>\n            <\/div>\n        <\/div>\n    <\/div>\n    <div class=\"card-footer\"><div class=\"row\"><div style=\"line-height: 30px;\" class=\"col-6\"><i class=\"far fa-calendar\"><\/i> 09\/11\/2021 <span class=\"wpdm_hide wpdm_remove_empty\"><i class=\"fas fa-code-branch ml-2\"><\/i> <\/span><\/div><div class=\"col-6 text-right align-right\"><a class='wpdm-download-link download-on-click btn btn-primary ' rel='nofollow' href='#' data-downloadurl=\"https:\/\/foro-vinc.ricyt.org\/?wpdmpro=estrategia-y-gestion-de-la-vinculacion-y-transferencia-tecnologica-en-universidades-argentinas-desafios-para-la-region&#038;wpdmdl=772&#038;refresh=69ff2d8c94d261778331020\">INFORME<\/a><\/div><div style=\"clear: both\"><\/div><\/div><\/div>\n<\/div>\n<\/div><div class='col-lg-12 col-md-12 col-12'><!-- WPDM Link Template: Panel -->\n\n<div class=\"card\">\n    <div class=\"card-body\">\n        <div class=\"media\">\n            <a class=\"mr-3 img-48\" href=\"https:\/\/foro-vinc.ricyt.org\/?wpdmpro=scopes-of-intervention-and-evolutionary-paths-for-argentinian-universities-transfer-offices-2019\">\n                \n            <\/a>\n            <div class=\"media-body\">\n                <h3 class=\"media-heading p-0 m-0\"><a href='https:\/\/foro-vinc.ricyt.org\/?wpdmpro=scopes-of-intervention-and-evolutionary-paths-for-argentinian-universities-transfer-offices-2019'>&#8220;Scopes of intervention and evolutionary paths for Argentinian universities transfer offices&#8221; (2019)<\/a><\/h3>\n                <div class=\"meta text-white-50 text-small mt-1\"><i class=\"fas fa-hdd text-white-50\"><\/i> 2.34 MB <i class=\"ml-2 far fa-arrow-alt-circle-down text-white-50\"><\/i> 35 Descargas<\/div>\n            <\/div>\n        <\/div>\n    <\/div>\n    <div class=\"card-footer\"><div class=\"row\"><div style=\"line-height: 30px;\" class=\"col-6\"><i class=\"far fa-calendar\"><\/i> 17\/09\/2021 <span class=\"wpdm_hide wpdm_remove_empty\"><i class=\"fas fa-code-branch ml-2\"><\/i> <\/span><\/div><div class=\"col-6 text-right align-right\"><a class='wpdm-download-link download-on-click btn btn-primary ' rel='nofollow' href='#' data-downloadurl=\"https:\/\/foro-vinc.ricyt.org\/?wpdmpro=scopes-of-intervention-and-evolutionary-paths-for-argentinian-universities-transfer-offices-2019&#038;wpdmdl=625&#038;refresh=69ff2d8c9707f1778331020\">articulo<\/a><\/div><div style=\"clear: both\"><\/div><\/div><\/div>\n<\/div>\n<\/div><div class='col-lg-12 col-md-12 col-12'><!-- WPDM Link Template: Panel -->\n\n<div class=\"card\">\n    <div class=\"card-body\">\n        <div class=\"media\">\n            <a class=\"mr-3 img-48\" href=\"https:\/\/foro-vinc.ricyt.org\/?wpdmpro=los-parques-cientifico-tecnologicos-y-areas-de-innovacion-latinoamericanos\">\n                \n            <\/a>\n            <div class=\"media-body\">\n                <h3 class=\"media-heading p-0 m-0\"><a href='https:\/\/foro-vinc.ricyt.org\/?wpdmpro=los-parques-cientifico-tecnologicos-y-areas-de-innovacion-latinoamericanos'>Los Parques Cient\u00edfico-Tecnol\u00f3gicos y \u00c1reas de Innovaci\u00f3n Latinoamericanos (2021)<\/a><\/h3>\n                <div class=\"meta text-white-50 text-small mt-1\"><i class=\"fas fa-hdd text-white-50\"><\/i> 2.98 MB <i class=\"ml-2 far fa-arrow-alt-circle-down text-white-50\"><\/i> 41 Descargas<\/div>\n            <\/div>\n        <\/div>\n    <\/div>\n    <div class=\"card-footer\"><div class=\"row\"><div style=\"line-height: 30px;\" class=\"col-6\"><i class=\"far fa-calendar\"><\/i> 17\/09\/2021 <span class=\"wpdm_hide wpdm_remove_empty\"><i class=\"fas fa-code-branch ml-2\"><\/i> <\/span><\/div><div class=\"col-6 text-right align-right\"><a class='wpdm-download-link download-on-click btn btn-primary ' rel='nofollow' href='#' data-downloadurl=\"https:\/\/foro-vinc.ricyt.org\/?wpdmpro=los-parques-cientifico-tecnologicos-y-areas-de-innovacion-latinoamericanos&#038;wpdmdl=624&#038;refresh=69ff2d8c97ecd1778331020\">Informe<\/a><\/div><div style=\"clear: both\"><\/div><\/div><\/div>\n<\/div>\n<\/div><div class='col-lg-12 col-md-12 col-12'><!-- WPDM Link Template: Panel -->\n\n<div class=\"card\">\n    <div class=\"card-body\">\n        <div class=\"media\">\n            <a class=\"mr-3 img-48\" href=\"https:\/\/foro-vinc.ricyt.org\/?wpdmpro=los-investigadores-latinoamericanos-y-su-vinculo-con-el-entorno\">\n                \n            <\/a>\n            <div class=\"media-body\">\n                <h3 class=\"media-heading p-0 m-0\"><a href='https:\/\/foro-vinc.ricyt.org\/?wpdmpro=los-investigadores-latinoamericanos-y-su-vinculo-con-el-entorno'>\u201cLos investigadores latinoamericanos y su v\u00ednculo con el entorno\u201d (2019)<\/a><\/h3>\n                <div class=\"meta text-white-50 text-small mt-1\"><i class=\"fas fa-hdd text-white-50\"><\/i> 0.18 KB <i class=\"ml-2 far fa-arrow-alt-circle-down text-white-50\"><\/i> 11 Descargas<\/div>\n            <\/div>\n        <\/div>\n    <\/div>\n    <div class=\"card-footer\"><div class=\"row\"><div style=\"line-height: 30px;\" class=\"col-6\"><i class=\"far fa-calendar\"><\/i> 22\/08\/2021 <span class=\"wpdm_hide wpdm_remove_empty\"><i class=\"fas fa-code-branch ml-2\"><\/i> <\/span><\/div><div class=\"col-6 text-right align-right\"><a class='wpdm-download-link download-on-click btn btn-primary ' rel='nofollow' href='#' data-downloadurl=\"https:\/\/foro-vinc.ricyt.org\/?wpdmpro=los-investigadores-latinoamericanos-y-su-vinculo-con-el-entorno&#038;wpdmdl=225&#038;refresh=69ff2d8c98c6a1778331020\">Informe<\/a><\/div><div style=\"clear: both\"><\/div><\/div><\/div>\n<\/div>\n<\/div><div class='col-lg-12 col-md-12 col-12'><!-- WPDM Link Template: Panel -->\n\n<div class=\"card\">\n    <div class=\"card-body\">\n        <div class=\"media\">\n            <a class=\"mr-3 img-48\" href=\"https:\/\/foro-vinc.ricyt.org\/?wpdmpro=las-universidades-pilares-de-la-ciencia-y-la-tecnologia-en-america-latina\">\n                \n            <\/a>\n            <div class=\"media-body\">\n                <h3 class=\"media-heading p-0 m-0\"><a href='https:\/\/foro-vinc.ricyt.org\/?wpdmpro=las-universidades-pilares-de-la-ciencia-y-la-tecnologia-en-america-latina'>\u201cLas universidades, pilares de la ciencia y la tecnolog\u00eda en Am\u00e9rica Latina\u201d (2018)<\/a><\/h3>\n                <div class=\"meta text-white-50 text-small mt-1\"><i class=\"fas fa-hdd text-white-50\"><\/i> 0.18 KB <i class=\"ml-2 far fa-arrow-alt-circle-down text-white-50\"><\/i> 5 Descargas<\/div>\n            <\/div>\n        <\/div>\n    <\/div>\n    <div class=\"card-footer\"><div class=\"row\"><div style=\"line-height: 30px;\" class=\"col-6\"><i class=\"far fa-calendar\"><\/i> 22\/08\/2021 <span class=\"wpdm_hide wpdm_remove_empty\"><i class=\"fas fa-code-branch ml-2\"><\/i> <\/span><\/div><div class=\"col-6 text-right align-right\"><a class='wpdm-download-link download-on-click btn btn-primary ' rel='nofollow' href='#' data-downloadurl=\"https:\/\/foro-vinc.ricyt.org\/?wpdmpro=las-universidades-pilares-de-la-ciencia-y-la-tecnologia-en-america-latina&#038;wpdmdl=224&#038;refresh=69ff2d8c999cd1778331020\">Informe<\/a><\/div><div style=\"clear: both\"><\/div><\/div><\/div>\n<\/div>\n<\/div><div class='col-lg-12 col-md-12 col-12'><!-- WPDM Link Template: Panel -->\n\n<div class=\"card\">\n    <div class=\"card-body\">\n        <div class=\"media\">\n            <a class=\"mr-3 img-48\" href=\"https:\/\/foro-vinc.ricyt.org\/?wpdmpro=indicadores-de-vinculacion-de-las-universidades-iberoamericanas-con-su-entorno-experiencias-acumuladas-y-nuevos-desafios\">\n                \n            <\/a>\n            <div class=\"media-body\">\n                <h3 class=\"media-heading p-0 m-0\"><a href='https:\/\/foro-vinc.ricyt.org\/?wpdmpro=indicadores-de-vinculacion-de-las-universidades-iberoamericanas-con-su-entorno-experiencias-acumuladas-y-nuevos-desafios'>\u201cIndicadores de vinculaci\u00f3n de las universidades iberoamericanas con su entorno. Experiencias acumuladas y nuevos desaf\u00edos\u201d (2020)<\/a><\/h3>\n                <div class=\"meta text-white-50 text-small mt-1\"><i class=\"fas fa-hdd text-white-50\"><\/i> 0.18 KB <i class=\"ml-2 far fa-arrow-alt-circle-down text-white-50\"><\/i> 11 Descargas<\/div>\n            <\/div>\n        <\/div>\n    <\/div>\n    <div class=\"card-footer\"><div class=\"row\"><div style=\"line-height: 30px;\" class=\"col-6\"><i class=\"far fa-calendar\"><\/i> 22\/08\/2021 <span class=\"wpdm_hide wpdm_remove_empty\"><i class=\"fas fa-code-branch ml-2\"><\/i> <\/span><\/div><div class=\"col-6 text-right align-right\"><a class='wpdm-download-link download-on-click btn btn-primary ' rel='nofollow' href='#' data-downloadurl=\"https:\/\/foro-vinc.ricyt.org\/?wpdmpro=indicadores-de-vinculacion-de-las-universidades-iberoamericanas-con-su-entorno-experiencias-acumuladas-y-nuevos-desafios&#038;wpdmdl=223&#038;refresh=69ff2d8c9a72e1778331020\">Informe<\/a><\/div><div style=\"clear: both\"><\/div><\/div><\/div>\n<\/div>\n<\/div><div class='col-lg-12 col-md-12 col-12'><!-- WPDM Link Template: Panel -->\n\n<div class=\"card\">\n    <div class=\"card-body\">\n        <div class=\"media\">\n            <a class=\"mr-3 img-48\" href=\"https:\/\/foro-vinc.ricyt.org\/?wpdmpro=medicion-de-las-actividades-de-vinculacion-de-las-universidades-con-el-entorno-aplicacion-piloto-del-manual-de-valencia\">\n                \n            <\/a>\n            <div class=\"media-body\">\n                <h3 class=\"media-heading p-0 m-0\"><a href='https:\/\/foro-vinc.ricyt.org\/?wpdmpro=medicion-de-las-actividades-de-vinculacion-de-las-universidades-con-el-entorno-aplicacion-piloto-del-manual-de-valencia'>\u201cMedici\u00f3n de las actividades de vinculaci\u00f3n de las universidades con el entorno. Aplicaci\u00f3n Piloto del Manual de Valencia\u201d (2016)<\/a><\/h3>\n                <div class=\"meta text-white-50 text-small mt-1\"><i class=\"fas fa-hdd text-white-50\"><\/i> 0.18 KB <i class=\"ml-2 far fa-arrow-alt-circle-down text-white-50\"><\/i> 2 Descargas<\/div>\n            <\/div>\n        <\/div>\n    <\/div>\n    <div class=\"card-footer\"><div class=\"row\"><div style=\"line-height: 30px;\" class=\"col-6\"><i class=\"far fa-calendar\"><\/i> 22\/08\/2021 <span class=\"wpdm_hide wpdm_remove_empty\"><i class=\"fas fa-code-branch ml-2\"><\/i> <\/span><\/div><div class=\"col-6 text-right align-right\"><a class='wpdm-download-link download-on-click btn btn-primary ' rel='nofollow' href='#' data-downloadurl=\"https:\/\/foro-vinc.ricyt.org\/?wpdmpro=medicion-de-las-actividades-de-vinculacion-de-las-universidades-con-el-entorno-aplicacion-piloto-del-manual-de-valencia&#038;wpdmdl=222&#038;refresh=69ff2d8c9b4c51778331020\">Informe<\/a><\/div><div style=\"clear: both\"><\/div><\/div><\/div>\n<\/div>\n<\/div><div class='col-lg-12 col-md-12 col-12'><!-- WPDM Link Template: Panel -->\n\n<div class=\"card\">\n    <div class=\"card-body\">\n        <div class=\"media\">\n            <a class=\"mr-3 img-48\" href=\"https:\/\/foro-vinc.ricyt.org\/?wpdmpro=las-universidades-lideran-la-id-en-america-latina\">\n                \n            <\/a>\n            <div class=\"media-body\">\n                <h3 class=\"media-heading p-0 m-0\"><a href='https:\/\/foro-vinc.ricyt.org\/?wpdmpro=las-universidades-lideran-la-id-en-america-latina'>\u201cLas universidades lideran la I+D en Am\u00e9rica Latina\u201d (2017)<\/a><\/h3>\n                <div class=\"meta text-white-50 text-small mt-1\"><i class=\"fas fa-hdd text-white-50\"><\/i> 0.18 KB <i class=\"ml-2 far fa-arrow-alt-circle-down text-white-50\"><\/i> 1 Descargas<\/div>\n            <\/div>\n        <\/div>\n    <\/div>\n    <div class=\"card-footer\"><div class=\"row\"><div style=\"line-height: 30px;\" class=\"col-6\"><i class=\"far fa-calendar\"><\/i> 22\/08\/2021 <span class=\"wpdm_hide wpdm_remove_empty\"><i class=\"fas fa-code-branch ml-2\"><\/i> <\/span><\/div><div class=\"col-6 text-right align-right\"><a class='wpdm-download-link download-on-click btn btn-primary ' rel='nofollow' href='#' data-downloadurl=\"https:\/\/foro-vinc.ricyt.org\/?wpdmpro=las-universidades-lideran-la-id-en-america-latina&#038;wpdmdl=221&#038;refresh=69ff2d8c9c2371778331020\">Informe<\/a><\/div><div style=\"clear: both\"><\/div><\/div><\/div>\n<\/div>\n<\/div><div class='col-lg-12 col-md-12 col-12'><!-- WPDM Link Template: Panel -->\n\n<div class=\"card\">\n    <div class=\"card-body\">\n        <div class=\"media\">\n            <a class=\"mr-3 img-48\" href=\"https:\/\/foro-vinc.ricyt.org\/?wpdmpro=documento-de-base-para-un-manual-de-indicadores-de-vinculacion-de-la-universidad-con-el-entorno-socioeconomico\">\n                \n            <\/a>\n            <div class=\"media-body\">\n                <h3 class=\"media-heading p-0 m-0\"><a href='https:\/\/foro-vinc.ricyt.org\/?wpdmpro=documento-de-base-para-un-manual-de-indicadores-de-vinculacion-de-la-universidad-con-el-entorno-socioeconomico'>Documento de Base para un Manual de Indicadores de Vinculaci\u00f3n de la Universidad con el Entorno Socioecon\u00f3mico (2009)<\/a><\/h3>\n                <div class=\"meta text-white-50 text-small mt-1\"><i class=\"fas fa-hdd text-white-50\"><\/i> 0.14 KB <i class=\"ml-2 far fa-arrow-alt-circle-down text-white-50\"><\/i> 41 Descargas<\/div>\n            <\/div>\n        <\/div>\n    <\/div>\n    <div class=\"card-footer\"><div class=\"row\"><div style=\"line-height: 30px;\" class=\"col-6\"><i class=\"far fa-calendar\"><\/i> 22\/08\/2021 <span class=\"wpdm_hide wpdm_remove_empty\"><i class=\"fas fa-code-branch ml-2\"><\/i> <\/span><\/div><div class=\"col-6 text-right align-right\"><a class='wpdm-download-link download-on-click btn btn-primary ' rel='nofollow' href='#' data-downloadurl=\"https:\/\/foro-vinc.ricyt.org\/?wpdmpro=documento-de-base-para-un-manual-de-indicadores-de-vinculacion-de-la-universidad-con-el-entorno-socioeconomico&#038;wpdmdl=220&#038;refresh=69ff2d8c9cf921778331020\">Documento metodol\u00f3gico<\/a><\/div><div style=\"clear: both\"><\/div><\/div><\/div>\n<\/div>\n<\/div><div class='col-lg-12 col-md-12 col-12'><!-- WPDM Link Template: Panel -->\n\n<div class=\"card\">\n    <div class=\"card-body\">\n        <div class=\"media\">\n            <a class=\"mr-3 img-48\" href=\"https:\/\/foro-vinc.ricyt.org\/?wpdmpro=manual-de-valencia\">\n                \n            <\/a>\n            <div class=\"media-body\">\n                <h3 class=\"media-heading p-0 m-0\"><a href='https:\/\/foro-vinc.ricyt.org\/?wpdmpro=manual-de-valencia'>Manual de Valencia (2017)<\/a><\/h3>\n                <div class=\"meta text-white-50 text-small mt-1\"><i class=\"fas fa-hdd text-white-50\"><\/i> 1.08 MB <i class=\"ml-2 far fa-arrow-alt-circle-down text-white-50\"><\/i> 154 Descargas<\/div>\n            <\/div>\n        <\/div>\n    <\/div>\n    <div class=\"card-footer\"><div class=\"row\"><div style=\"line-height: 30px;\" class=\"col-6\"><i class=\"far fa-calendar\"><\/i> 26\/07\/2021 <span class=\"wpdm_hide wpdm_remove_empty\"><i class=\"fas fa-code-branch ml-2\"><\/i> <\/span><\/div><div class=\"col-6 text-right align-right\"><a class='wpdm-download-link download-on-click btn btn-primary ' rel='nofollow' href='#' data-downloadurl=\"https:\/\/foro-vinc.ricyt.org\/?wpdmpro=manual-de-valencia&#038;wpdmdl=153&#038;refresh=69ff2d8c9dd731778331020\">Manual metodol\u00f3gico<\/a><\/div><div style=\"clear: both\"><\/div><\/div><\/div>\n<\/div>\n<\/div><\/div>            <div style='clear:both'><\/div><div class='text-center'><ul class='pagination wpdm-pagination pagination-centered text-center async'><\/ul><\/div><div style='clear:both'><\/div>        <\/div>\n\n        <div style='clear:both'><\/div>\n    <\/div>\n<\/div>\n<\/section>","protected":false},"excerpt":{"rendered":"","protected":false},"author":1,"featured_media":0,"parent":0,"menu_order":0,"comment_status":"closed","ping_status":"closed","template":"","meta":{"footnotes":""},"_links":{"self":[{"href":"https:\/\/foro-vinc.ricyt.org\/index.php?rest_route=\/wp\/v2\/pages\/42"}],"collection":[{"href":"https:\/\/foro-vinc.ricyt.org\/index.php?rest_route=\/wp\/v2\/pages"}],"about":[{"href":"https:\/\/foro-vinc.ricyt.org\/index.php?rest_route=\/wp\/v2\/types\/page"}],"author":[{"embeddable":true,"href":"https:\/\/foro-vinc.ricyt.org\/index.php?rest_route=\/wp\/v2\/users\/1"}],"replies":[{"embeddable":true,"href":"https:\/\/foro-vinc.ricyt.org\/index.php?rest_route=%2Fwp%2Fv2%2Fcomments&post=42"}],"version-history":[{"count":3,"href":"https:\/\/foro-vinc.ricyt.org\/index.php?rest_route=\/wp\/v2\/pages\/42\/revisions"}],"predecessor-version":[{"id":488,"href":"https:\/\/foro-vinc.ricyt.org\/index.php?rest_route=\/wp\/v2\/pages\/42\/revisions\/488"}],"wp:attachment":[{"href":"https:\/\/foro-vinc.ricyt.org\/index.php?rest_route=%2Fwp%2Fv2%2Fmedia&parent=42"}],"curies":[{"name":"wp","href":"https:\/\/api.w.org\/{rel}","templated":true}]}}